{"id":649,"date":"2020-09-22T21:27:03","date_gmt":"2020-09-22T19:27:03","guid":{"rendered":"http:\/\/misealecoute.be\/bsp\/?page_id=649"},"modified":"2020-09-23T16:26:20","modified_gmt":"2020-09-23T14:26:20","slug":"bienvenue","status":"publish","type":"page","link":"https:\/\/misealecoute.be\/bsp\/","title":{"rendered":""},"content":{"rendered":"<div class=\"gutenberg-dzsap-con\"><style class=\"audiogallery-style\"><\/style><noscript><style>.audiogallery{ opacity: 1!important; } .audiogallery .audioplayer-tobe{ display:block!important; opacity: 1!important; }  .audioplayer-tobe>div[class^=feed-]{ display: block!important; }<\/style><\/noscript><div style=\"opacity:0;\" id=\"ag3\" class=\"audiogallery ag_slug_bsp auto-init skin-wave id_40 \" style=\"background-color:;\" data-options='{\"design_skin\":\"skin-wave\",\"settings_ap\":\"sample--skin-wave-with-multisharer-button-and-embed\",\"settings_mode\":\"mode-showall\",\"settings_mode_showall_show_number\":\"off\",\"mode_showall_layout\":\"\"}'><div class=\"items\"><div class=\"audioplayer-tobe  playerid- apconfig-sample--skin-wave-with-multisharer-button-and-embed skin-wave  skin-wave  ap768\"  style=\"\" data-posttype=\"dzsap_items\" id=\"ap768\" data-playerid=\"768\" data-sanitized_source=\"httpsmisealecoutebebspwpcontentuploads202012Chapitre6mp3\" data-thumb=\"https:\/\/misealecoute.be\/bsp\/wp-content\/uploads\/2020\/09\/BSP_6.png\" data-type=\"detect\" data-source=\"https:\/\/misealecoute.be\/bsp\/wp-content\/uploads\/2020\/12\/Chapitre6.mp3\"><div class=\"feed-dzsap feed-artist-name\">Le Bureau des secrets professionnels<\/div><div class=\"feed-dzsap feed-song-name\">Chapitre 6 &#8211; Dehors<\/div><div class=\"meta-artist track-meta-for-dzsap\"><span class=\"the-artist first-line\"><span class=\"first-line-label\">Le Bureau des secrets professionnels<\/span><\/span><span class=\"the-name the-songname second-line\">Chapitre 6 &#8211; Dehors<\/span><\/div><div class=\"menu-description\"><div class=\"menu-item-thumb-con\"><div class=\"menu-item-thumb\" style=\"background-image: url(https:\/\/misealecoute.be\/bsp\/wp-content\/uploads\/2020\/09\/BSP_6.png)\"><\/div><\/div><span class=\"the-artist\">Le Bureau des secrets professionnels<\/span><span class=\"the-name\">Chapitre 6 &#8211; Dehors<\/span><\/div><\/div><div class=\"audioplayer-tobe  playerid- apconfig-sample--skin-wave-with-multisharer-button-and-embed skin-wave  skin-wave  ap778\"  style=\"\" data-posttype=\"dzsap_items\" id=\"ap778\" data-playerid=\"778\" data-sanitized_source=\"httpsmisealecoutebebspwpcontentuploads202011Chapitre5mp3\" data-thumb=\"https:\/\/misealecoute.be\/bsp\/wp-content\/uploads\/2020\/09\/BSP_5.png\" data-type=\"detect\" data-source=\"https:\/\/misealecoute.be\/bsp\/wp-content\/uploads\/2020\/11\/Chapitre5.mp3\"><div class=\"feed-dzsap feed-artist-name\">Le Bureau des secrets professionnels<\/div><div class=\"feed-dzsap feed-song-name\">Chapitre 5 &#8211; Le commerce<\/div><div class=\"meta-artist track-meta-for-dzsap\"><span class=\"the-artist first-line\"><span class=\"first-line-label\">Le Bureau des secrets professionnels<\/span><\/span><span class=\"the-name the-songname second-line\">Chapitre 5 &#8211; Le commerce<\/span><\/div><div class=\"menu-description\"><div class=\"menu-item-thumb-con\"><div class=\"menu-item-thumb\" style=\"background-image: url(https:\/\/misealecoute.be\/bsp\/wp-content\/uploads\/2020\/09\/BSP_5.png)\"><\/div><\/div><span class=\"the-artist\">Le Bureau des secrets professionnels<\/span><span class=\"the-name\">Chapitre 5 &#8211; Le commerce<\/span><\/div><\/div><div class=\"audioplayer-tobe  playerid- apconfig-sample--skin-wave-with-multisharer-button-and-embed skin-wave  skin-wave  ap774\"  style=\"\" data-posttype=\"dzsap_items\" id=\"ap774\" data-playerid=\"774\" data-sanitized_source=\"httpsmisealecoutebebspwpcontentuploads202011Chapitre4mp3\" data-thumb=\"https:\/\/misealecoute.be\/bsp\/wp-content\/uploads\/2020\/09\/BSP_4.png\" data-type=\"detect\" data-source=\"https:\/\/misealecoute.be\/bsp\/wp-content\/uploads\/2020\/11\/Chapitre4.mp3\"><div class=\"feed-dzsap feed-artist-name\">Le Bureau des secrets professionnels<\/div><div class=\"feed-dzsap feed-song-name\">Chapitre 4 &#8211; Aider<\/div><div class=\"meta-artist track-meta-for-dzsap\"><span class=\"the-artist first-line\"><span class=\"first-line-label\">Le Bureau des secrets professionnels<\/span><\/span><span class=\"the-name the-songname second-line\">Chapitre 4 &#8211; Aider<\/span><\/div><div class=\"menu-description\"><div class=\"menu-item-thumb-con\"><div class=\"menu-item-thumb\" style=\"background-image: url(https:\/\/misealecoute.be\/bsp\/wp-content\/uploads\/2020\/09\/BSP_4.png)\"><\/div><\/div><span class=\"the-artist\">Le Bureau des secrets professionnels<\/span><span class=\"the-name\">Chapitre 4 &#8211; Aider<\/span><\/div><\/div><div class=\"audioplayer-tobe  playerid- apconfig-sample--skin-wave-with-multisharer-button-and-embed skin-wave  skin-wave  ap771\"  style=\"\" data-posttype=\"dzsap_items\" id=\"ap771\" data-playerid=\"771\" data-sanitized_source=\"httpsmisealecoutebebspwpcontentuploads202010Chapitre3finalmp3\" data-thumb=\"https:\/\/misealecoute.be\/bsp\/wp-content\/uploads\/2020\/09\/BSP_3.png\" data-type=\"detect\" data-source=\"https:\/\/misealecoute.be\/bsp\/wp-content\/uploads\/2020\/10\/Chapitre3_final.mp3\"><div class=\"feed-dzsap feed-artist-name\">Le Bureau des secrets professionnels<\/div><div class=\"feed-dzsap feed-song-name\">Chapitre 3 &#8211; Soigner<\/div><div class=\"meta-artist track-meta-for-dzsap\"><span class=\"the-artist first-line\"><span class=\"first-line-label\">Le Bureau des secrets professionnels<\/span><\/span><span class=\"the-name the-songname second-line\">Chapitre 3 &#8211; Soigner<\/span><\/div><div class=\"menu-description\"><div class=\"menu-item-thumb-con\"><div class=\"menu-item-thumb\" style=\"background-image: url(https:\/\/misealecoute.be\/bsp\/wp-content\/uploads\/2020\/09\/BSP_3.png)\"><\/div><\/div><span class=\"the-artist\">Le Bureau des secrets professionnels<\/span><span class=\"the-name\">Chapitre 3 &#8211; Soigner<\/span><\/div><\/div><div class=\"audioplayer-tobe  playerid- apconfig-sample--skin-wave-with-multisharer-button-and-embed skin-wave  skin-wave  ap766\"  style=\"\" data-posttype=\"dzsap_items\" id=\"ap766\" data-playerid=\"766\" data-sanitized_source=\"httpsmisealecoutebebspwpcontentuploads202010Chapitre2finalmp3\" data-thumb=\"https:\/\/misealecoute.be\/bsp\/wp-content\/uploads\/2020\/09\/BSP_2.png\" data-type=\"detect\" data-source=\"https:\/\/misealecoute.be\/bsp\/wp-content\/uploads\/2020\/10\/Chapitre2_final.mp3\"><div class=\"feed-dzsap feed-artist-name\">Le Bureau des secrets professionnels<\/div><div class=\"feed-dzsap feed-song-name\">Chapitre 2 &#8211; L&rsquo; \u00e9cole<\/div><div class=\"meta-artist track-meta-for-dzsap\"><span class=\"the-artist first-line\"><span class=\"first-line-label\">Le Bureau des secrets professionnels<\/span><\/span><span class=\"the-name the-songname second-line\">Chapitre 2 &#8211; L&rsquo; \u00e9cole<\/span><\/div><div class=\"menu-description\"><div class=\"menu-item-thumb-con\"><div class=\"menu-item-thumb\" style=\"background-image: url(https:\/\/misealecoute.be\/bsp\/wp-content\/uploads\/2020\/09\/BSP_2.png)\"><\/div><\/div><span class=\"the-artist\">Le Bureau des secrets professionnels<\/span><span class=\"the-name\">Chapitre 2 &#8211; L&rsquo; \u00e9cole<\/span><\/div><\/div><div class=\"audioplayer-tobe  playerid- apconfig-sample--skin-wave-with-multisharer-button-and-embed skin-wave  skin-wave  ap763\"  style=\"\" data-posttype=\"dzsap_items\" id=\"ap763\" data-playerid=\"763\" data-sanitized_source=\"httpsmisealecoutebebspwpcontentuploads202009Chapitre1finalmp3\" data-thumb=\"https:\/\/misealecoute.be\/bsp\/wp-content\/uploads\/2020\/09\/BSP_1.png\" data-type=\"detect\" data-source=\"https:\/\/misealecoute.be\/bsp\/wp-content\/uploads\/2020\/09\/Chapitre1_final.mp3\"><div class=\"feed-dzsap feed-artist-name\">Le Bureau des secrets professionnels<\/div><div class=\"feed-dzsap feed-song-name\">Chapitre 1 \u2013 Les premi\u00e8res fois<\/div><div class=\"meta-artist track-meta-for-dzsap\"><span class=\"the-artist first-line\"><span class=\"first-line-label\">Le Bureau des secrets professionnels<\/span><\/span><span class=\"the-name the-songname second-line\">Chapitre 1 \u2013 Les premi\u00e8res fois<\/span><\/div><div class=\"menu-description\"><div class=\"menu-item-thumb-con\"><div class=\"menu-item-thumb\" style=\"background-image: url(https:\/\/misealecoute.be\/bsp\/wp-content\/uploads\/2020\/09\/BSP_1.png)\"><\/div><\/div><span class=\"the-artist\">Le Bureau des secrets professionnels<\/span><span class=\"the-name\">Chapitre 1 \u2013 Les premi\u00e8res fois<\/span><\/div><\/div><div class=\"audioplayer-tobe  playerid- apconfig-sample--skin-wave-with-multisharer-button-and-embed skin-wave  skin-wave  ap678\"  style=\"\" data-posttype=\"dzsap_items\" id=\"ap678\" data-playerid=\"678\" data-sanitized_source=\"httpsmisealecoutebebspwpcontentuploads202009BSPBandeannoncemp3\" data-thumb=\"https:\/\/misealecoute.be\/bsp\/wp-content\/uploads\/2020\/09\/BSP_0.png\" data-type=\"audio\" data-source=\"https:\/\/misealecoute.be\/bsp\/wp-content\/uploads\/2020\/09\/BSP-Bande-annonce.mp3\"><div class=\"feed-dzsap feed-artist-name\">Le Bureau des secrets professionnels<\/div><div class=\"feed-dzsap feed-song-name\">Bande-annonce<\/div><div class=\"meta-artist track-meta-for-dzsap\"><span class=\"the-artist first-line\"><span class=\"first-line-label\">Le Bureau des secrets professionnels<\/span><\/span><span class=\"the-name the-songname second-line\">Bande-annonce<\/span><\/div><div class=\"menu-description\"><div class=\"menu-item-thumb-con\"><div class=\"menu-item-thumb\" style=\"background-image: url(https:\/\/misealecoute.be\/bsp\/wp-content\/uploads\/2020\/09\/BSP_0.png)\"><\/div><\/div><span class=\"the-artist\">Le Bureau des secrets professionnels<\/span><span class=\"the-name\">Bande-annonce<\/span><\/div><\/div><\/div><\/div><\/div>\n\n\n<hr class=\"wp-block-separator\"\/>\n\n\n\n<p class=\"has-cyan-bluish-gray-color has-text-color\" style=\"font-size:10px\">Un mercredi sur deux, une \u00ab mise \u00e0 l\u2019\u00e9coute \u00bb pr\u00e9sent\u00e9e par Sarah Bearelle.<br>R\u00e9alisation et cr\u00e9ation sonore : Sarah Bearelle <br>Conception graphique : Lionel Meinertzhagen<\/p>\n","protected":false},"excerpt":{"rendered":"<p>Un mercredi sur deux, une \u00ab mise \u00e0 l\u2019\u00e9coute \u00bb pr\u00e9sent\u00e9e par Sarah Bearelle.R\u00e9alisation et cr\u00e9ation sonore : Sarah Bearelle Conception graphique : Lionel Meinertzhagen<\/p>\n","protected":false},"author":1,"featured_media":0,"parent":0,"menu_order":0,"comment_status":"closed","ping_status":"closed","template":"","meta":[],"_links":{"self":[{"href":"https:\/\/misealecoute.be\/bsp\/wp-json\/wp\/v2\/pages\/649"}],"collection":[{"href":"https:\/\/misealecoute.be\/bsp\/wp-json\/wp\/v2\/pages"}],"about":[{"href":"https:\/\/misealecoute.be\/bsp\/wp-json\/wp\/v2\/types\/page"}],"author":[{"embeddable":true,"href":"https:\/\/misealecoute.be\/bsp\/wp-json\/wp\/v2\/users\/1"}],"replies":[{"embeddable":true,"href":"https:\/\/misealecoute.be\/bsp\/wp-json\/wp\/v2\/comments?post=649"}],"version-history":[{"count":31,"href":"https:\/\/misealecoute.be\/bsp\/wp-json\/wp\/v2\/pages\/649\/revisions"}],"predecessor-version":[{"id":754,"href":"https:\/\/misealecoute.be\/bsp\/wp-json\/wp\/v2\/pages\/649\/revisions\/754"}],"wp:attachment":[{"href":"https:\/\/misealecoute.be\/bsp\/wp-json\/wp\/v2\/media?parent=649"}],"curies":[{"name":"wp","href":"https:\/\/api.w.org\/{rel}","templated":true}]}}